{"id":6017,"date":"2022-09-29T13:47:08","date_gmt":"2022-09-29T10:47:08","guid":{"rendered":"https:\/\/saarnilearning.fi\/invoice-details\/"},"modified":"2023-04-11T15:54:53","modified_gmt":"2023-04-11T12:54:53","slug":"invoice-details","status":"publish","type":"page","link":"https:\/\/saarnilearning.fi\/en\/invoice-details\/","title":{"rendered":"Invoice details"},"content":{"rendered":"\t\t<div data-elementor-type=\"wp-page\" data-elementor-id=\"6017\" class=\"elementor elementor-6017 elementor-6006\" data-elementor-post-type=\"page\">\n\t\t\t\t\t\t<section class=\"elementor-section elementor-top-section elementor-element elementor-element-ef9860c elementor-section-boxed elementor-section-height-default elementor-section-height-default\" data-id=\"ef9860c\" data-element_type=\"section\" data-settings=\"{&quot;background_background&quot;:&quot;classic&quot;,&quot;shape_divider_bottom&quot;:&quot;waves&quot;}\">\n\t\t\t\t\t\t\t<div class=\"elementor-background-overlay\"><\/div>\n\t\t\t\t\t\t<div class=\"elementor-shape elementor-shape-bottom\" aria-hidden=\"true\" data-negative=\"false\">\n\t\t\t<svg xmlns=\"http:\/\/www.w3.org\/2000\/svg\" viewBox=\"0 0 1000 100\" preserveAspectRatio=\"none\">\n\t<path class=\"elementor-shape-fill\" d=\"M421.9,6.5c22.6-2.5,51.5,0.4,75.5,5.3c23.6,4.9,70.9,23.5,100.5,35.7c75.8,32.2,133.7,44.5,192.6,49.7\n\tc23.6,2.1,48.7,3.5,103.4-2.5c54.7-6,106.2-25.6,106.2-25.6V0H0v30.3c0,0,72,32.6,158.4,30.5c39.2-0.7,92.8-6.7,134-22.4\n\tc21.2-8.1,52.2-18.2,79.7-24.2C399.3,7.9,411.6,7.5,421.9,6.5z\"\/>\n<\/svg>\t\t<\/div>\n\t\t\t\t\t<div class=\"elementor-container elementor-column-gap-default\">\n\t\t\t\t\t<div class=\"elementor-column elementor-col-100 elementor-top-column elementor-element elementor-element-12f9f94\" data-id=\"12f9f94\" data-element_type=\"column\" data-settings=\"{&quot;background_background&quot;:&quot;classic&quot;}\">\n\t\t\t<div class=\"elementor-widget-wrap elementor-element-populated\">\n\t\t\t\t\t<div class=\"elementor-background-overlay\"><\/div>\n\t\t\t\t\t\t<div class=\"elementor-element elementor-element-3b6a078 elementor-widget elementor-widget-heading\" data-id=\"3b6a078\" data-element_type=\"widget\" data-widget_type=\"heading.default\">\n\t\t\t\t<div class=\"elementor-widget-container\">\n\t\t\t\t\t<h1 class=\"elementor-heading-title elementor-size-default\">Invoice details<\/h1>\t\t\t\t<\/div>\n\t\t\t\t<\/div>\n\t\t\t\t<div class=\"elementor-element elementor-element-ae55c30 elementor-widget elementor-widget-text-editor\" data-id=\"ae55c30\" data-element_type=\"widget\" data-widget_type=\"text-editor.default\">\n\t\t\t\t<div class=\"elementor-widget-container\">\n\t\t\t\t\t\t\t\t\t<h3><strong style=\"color: var( --e-global-color-text ); font-family: var( --e-global-typography-text-font-family ), Sans-serif; font-size: var( --e-global-typography-text-font-size ); background-color: var( --e-global-color-f8f7904 );\">Online invoices<\/strong><\/h3><p>Online invoice address: 003717250225<br \/>Online invoice operator: Maventa<br \/>Operator\u2019s intermediary ID: 003721291126<br \/>(Pankkiverkosta l\u00e4hetett\u00e4ess\u00e4 Maventan v\u00e4litt\u00e4j\u00e4tunnuksen sijaan k\u00e4ytett\u00e4v\u00e4 Danske Bankin BIC-tunnusta: DABAFIHH)<br \/>Company ID: 1725022-5<\/p><p><strong>Invoice address<\/strong><br \/>Saarni Learning Oy<br \/>17250225<br \/>PL 100<br \/>80020 Kollektor Scan<\/p><p><strong>Email invoices<\/strong><\/p><p><span class=\"ui-provider gp b c d e f g h i j k l m n o p q r s t u v w x y z ab ac ae af ag ah ai aj ak\" dir=\"ltr\">Send to: <a href=\"mailto:invoice-17250225@kollektor.fi\">invoice-17250225@kollektor.fi<\/a><\/span><\/p><p>If you have questions about invoices, please contact us at invoicing@saarnilearning.com.<\/p>\t\t\t\t\t\t\t\t<\/div>\n\t\t\t\t<\/div>\n\t\t\t\t\t<\/div>\n\t\t<\/div>\n\t\t\t\t\t<\/div>\n\t\t<\/section>\n\t\t\t\t<\/div>\n\t\t","protected":false},"excerpt":{"rendered":"<p>Invoice details Online invoices Online invoice address: 003717250225Online invoice operator: MaventaOperator\u2019s intermediary ID: 003721291126(Pankkiverkosta l\u00e4hetett\u00e4ess\u00e4 Maventan v\u00e4litt\u00e4j\u00e4tunnuksen sijaan k\u00e4ytett\u00e4v\u00e4 Danske Bankin BIC-tunnusta: DABAFIHH)Company ID: 1725022-5 Invoice addressSaarni Learning Oy17250225PL 10080020 Kollektor Scan Email invoices Send to: invoice-17250225@kollektor.fi If you have questions about invoices, please contact us at invoicing@saarnilearning.com.<\/p>\n","protected":false},"author":13,"featured_media":0,"parent":0,"menu_order":0,"comment_status":"closed","ping_status":"closed","template":"","meta":{"_acf_changed":false,"footnotes":""},"acf":[],"yoast_head":"<!-- This site is optimized with the Yoast SEO plugin v24.0 - https:\/\/yoast.com\/wordpress\/plugins\/seo\/ -->\n<title>Invoice details - Saarni Learning<\/title>\n<meta name=\"robots\" content=\"index, follow, max-snippet:-1, max-image-preview:large, max-video-preview:-1\" \/>\n<link rel=\"canonical\" href=\"https:\/\/saarnilearning.fi\/en\/invoice-details\/\" \/>\n<meta property=\"og:locale\" content=\"en_US\" \/>\n<meta property=\"og:type\" content=\"article\" \/>\n<meta property=\"og:title\" content=\"Invoice details - Saarni Learning\" \/>\n<meta property=\"og:description\" content=\"Invoice details Online invoices Online invoice address: 003717250225Online invoice operator: MaventaOperator\u2019s intermediary ID: 003721291126(Pankkiverkosta l\u00e4hetett\u00e4ess\u00e4 Maventan v\u00e4litt\u00e4j\u00e4tunnuksen sijaan k\u00e4ytett\u00e4v\u00e4 Danske Bankin BIC-tunnusta: DABAFIHH)Company ID: 1725022-5 Invoice addressSaarni Learning Oy17250225PL 10080020 Kollektor Scan Email invoices Send to: invoice-17250225@kollektor.fi If you have questions about invoices, please contact us at invoicing@saarnilearning.com.\" \/>\n<meta property=\"og:url\" content=\"https:\/\/saarnilearning.fi\/en\/invoice-details\/\" \/>\n<meta property=\"og:site_name\" content=\"Saarni Learning\" \/>\n<meta property=\"article:modified_time\" content=\"2023-04-11T12:54:53+00:00\" \/>\n<meta name=\"twitter:card\" content=\"summary_large_image\" \/>\n<meta name=\"twitter:label1\" content=\"Est. reading time\" \/>\n\t<meta name=\"twitter:data1\" content=\"1 minute\" \/>\n<script type=\"application\/ld+json\" class=\"yoast-schema-graph\">{\"@context\":\"https:\/\/schema.org\",\"@graph\":[{\"@type\":\"WebPage\",\"@id\":\"https:\/\/saarnilearning.fi\/en\/invoice-details\/\",\"url\":\"https:\/\/saarnilearning.fi\/en\/invoice-details\/\",\"name\":\"Invoice details - Saarni Learning\",\"isPartOf\":{\"@id\":\"https:\/\/saarnilearning.fi\/en\/#website\"},\"datePublished\":\"2022-09-29T10:47:08+00:00\",\"dateModified\":\"2023-04-11T12:54:53+00:00\",\"breadcrumb\":{\"@id\":\"https:\/\/saarnilearning.fi\/en\/invoice-details\/#breadcrumb\"},\"inLanguage\":\"en-US\",\"potentialAction\":[{\"@type\":\"ReadAction\",\"target\":[\"https:\/\/saarnilearning.fi\/en\/invoice-details\/\"]}]},{\"@type\":\"BreadcrumbList\",\"@id\":\"https:\/\/saarnilearning.fi\/en\/invoice-details\/#breadcrumb\",\"itemListElement\":[{\"@type\":\"ListItem\",\"position\":1,\"name\":\"Home\",\"item\":\"https:\/\/saarnilearning.fi\/en\/start\/\"},{\"@type\":\"ListItem\",\"position\":2,\"name\":\"Invoice details\"}]},{\"@type\":\"WebSite\",\"@id\":\"https:\/\/saarnilearning.fi\/en\/#website\",\"url\":\"https:\/\/saarnilearning.fi\/en\/\",\"name\":\"Saarni Learning\",\"description\":\"Digital learning environments and online training\",\"publisher\":{\"@id\":\"https:\/\/saarnilearning.fi\/en\/#organization\"},\"potentialAction\":[{\"@type\":\"SearchAction\",\"target\":{\"@type\":\"EntryPoint\",\"urlTemplate\":\"https:\/\/saarnilearning.fi\/en\/?s={search_term_string}\"},\"query-input\":{\"@type\":\"PropertyValueSpecification\",\"valueRequired\":true,\"valueName\":\"search_term_string\"}}],\"inLanguage\":\"en-US\"},{\"@type\":\"Organization\",\"@id\":\"https:\/\/saarnilearning.fi\/en\/#organization\",\"name\":\"Saarni Learning\",\"url\":\"https:\/\/saarnilearning.fi\/en\/\",\"logo\":{\"@type\":\"ImageObject\",\"inLanguage\":\"en-US\",\"@id\":\"https:\/\/saarnilearning.fi\/en\/#\/schema\/logo\/image\/\",\"url\":\"https:\/\/saarnilearning.fi\/wp-content\/uploads\/cropped-saarni_learning_logo.png\",\"contentUrl\":\"https:\/\/saarnilearning.fi\/wp-content\/uploads\/cropped-saarni_learning_logo.png\",\"width\":748,\"height\":298,\"caption\":\"Saarni Learning\"},\"image\":{\"@id\":\"https:\/\/saarnilearning.fi\/en\/#\/schema\/logo\/image\/\"}}]}<\/script>\n<!-- \/ Yoast SEO plugin. -->","yoast_head_json":{"title":"Invoice details - Saarni Learning","robots":{"index":"index","follow":"follow","max-snippet":"max-snippet:-1","max-image-preview":"max-image-preview:large","max-video-preview":"max-video-preview:-1"},"canonical":"https:\/\/saarnilearning.fi\/en\/invoice-details\/","og_locale":"en_US","og_type":"article","og_title":"Invoice details - Saarni Learning","og_description":"Invoice details Online invoices Online invoice address: 003717250225Online invoice operator: MaventaOperator\u2019s intermediary ID: 003721291126(Pankkiverkosta l\u00e4hetett\u00e4ess\u00e4 Maventan v\u00e4litt\u00e4j\u00e4tunnuksen sijaan k\u00e4ytett\u00e4v\u00e4 Danske Bankin BIC-tunnusta: DABAFIHH)Company ID: 1725022-5 Invoice addressSaarni Learning Oy17250225PL 10080020 Kollektor Scan Email invoices Send to: invoice-17250225@kollektor.fi If you have questions about invoices, please contact us at invoicing@saarnilearning.com.","og_url":"https:\/\/saarnilearning.fi\/en\/invoice-details\/","og_site_name":"Saarni Learning","article_modified_time":"2023-04-11T12:54:53+00:00","twitter_card":"summary_large_image","twitter_misc":{"Est. reading time":"1 minute"},"schema":{"@context":"https:\/\/schema.org","@graph":[{"@type":"WebPage","@id":"https:\/\/saarnilearning.fi\/en\/invoice-details\/","url":"https:\/\/saarnilearning.fi\/en\/invoice-details\/","name":"Invoice details - Saarni Learning","isPartOf":{"@id":"https:\/\/saarnilearning.fi\/en\/#website"},"datePublished":"2022-09-29T10:47:08+00:00","dateModified":"2023-04-11T12:54:53+00:00","breadcrumb":{"@id":"https:\/\/saarnilearning.fi\/en\/invoice-details\/#breadcrumb"},"inLanguage":"en-US","potentialAction":[{"@type":"ReadAction","target":["https:\/\/saarnilearning.fi\/en\/invoice-details\/"]}]},{"@type":"BreadcrumbList","@id":"https:\/\/saarnilearning.fi\/en\/invoice-details\/#breadcrumb","itemListElement":[{"@type":"ListItem","position":1,"name":"Home","item":"https:\/\/saarnilearning.fi\/en\/start\/"},{"@type":"ListItem","position":2,"name":"Invoice details"}]},{"@type":"WebSite","@id":"https:\/\/saarnilearning.fi\/en\/#website","url":"https:\/\/saarnilearning.fi\/en\/","name":"Saarni Learning","description":"Digital learning environments and online training","publisher":{"@id":"https:\/\/saarnilearning.fi\/en\/#organization"},"potentialAction":[{"@type":"SearchAction","target":{"@type":"EntryPoint","urlTemplate":"https:\/\/saarnilearning.fi\/en\/?s={search_term_string}"},"query-input":{"@type":"PropertyValueSpecification","valueRequired":true,"valueName":"search_term_string"}}],"inLanguage":"en-US"},{"@type":"Organization","@id":"https:\/\/saarnilearning.fi\/en\/#organization","name":"Saarni Learning","url":"https:\/\/saarnilearning.fi\/en\/","logo":{"@type":"ImageObject","inLanguage":"en-US","@id":"https:\/\/saarnilearning.fi\/en\/#\/schema\/logo\/image\/","url":"https:\/\/saarnilearning.fi\/wp-content\/uploads\/cropped-saarni_learning_logo.png","contentUrl":"https:\/\/saarnilearning.fi\/wp-content\/uploads\/cropped-saarni_learning_logo.png","width":748,"height":298,"caption":"Saarni Learning"},"image":{"@id":"https:\/\/saarnilearning.fi\/en\/#\/schema\/logo\/image\/"}}]}},"_links":{"self":[{"href":"https:\/\/saarnilearning.fi\/en\/wp-json\/wp\/v2\/pages\/6017"}],"collection":[{"href":"https:\/\/saarnilearning.fi\/en\/wp-json\/wp\/v2\/pages"}],"about":[{"href":"https:\/\/saarnilearning.fi\/en\/wp-json\/wp\/v2\/types\/page"}],"author":[{"embeddable":true,"href":"https:\/\/saarnilearning.fi\/en\/wp-json\/wp\/v2\/users\/13"}],"replies":[{"embeddable":true,"href":"https:\/\/saarnilearning.fi\/en\/wp-json\/wp\/v2\/comments?post=6017"}],"version-history":[{"count":0,"href":"https:\/\/saarnilearning.fi\/en\/wp-json\/wp\/v2\/pages\/6017\/revisions"}],"wp:attachment":[{"href":"https:\/\/saarnilearning.fi\/en\/wp-json\/wp\/v2\/media?parent=6017"}],"curies":[{"name":"wp","href":"https:\/\/api.w.org\/{rel}","templated":true}]}}